{"id":358,"date":"2022-10-06T11:03:33","date_gmt":"2022-10-06T12:03:33","guid":{"rendered":"https:\/\/akademiaprymusow.pl\/?page_id=358"},"modified":"2022-10-13T16:42:42","modified_gmt":"2022-10-13T17:42:42","slug":"o-nas","status":"publish","type":"page","link":"https:\/\/akademiaprymusow.pl\/index.php\/o-nas\/","title":{"rendered":"O nas"},"content":{"rendered":"<p>[vc_row css=&#8221;.vc_custom_1665058251613{padding-top: 60px !important;}&#8221;][vc_column width=&#8221;1\/2&#8243;][vc_column_text]<\/p>\n<h2><strong><span style=\"font-family: helvetica, arial, sans-serif; font-size: 48pt;\">Kim jeste\u015bmy?<\/span><\/strong><\/h2>\n<p>&nbsp;<\/p>\n<p><span style=\"font-family: helvetica, arial, sans-serif; font-size: 24pt;\"><strong>Akademia Prymus\u00f3w<\/strong> to portal, kt\u00f3rego misj\u0105 jest pomaganie m\u0142odzie\u017cy w nabywaniu wiedzy szkolnej, zar\u00f3wno na poziomie podstawowym, jak i ponadpodstawowym.\u00a0<\/span><\/p>\n<p>&nbsp;<\/p>\n<p><span style=\"font-family: helvetica, arial, sans-serif; font-size: 24pt;\"><strong>Jego powstanie<\/strong> by\u0142o inspirowane potrzeb\u0105 rynkow\u0105, zwi\u0105zan\u0105 z nie w pe\u0142ni efektywnie dzia\u0142aj\u0105cym systemem edukacji tradycyjnej, kt\u00f3ry wymusza na swoich beneficjentach szukanie wiedzy oraz pomocy w jej nabyciu na w\u0142asn\u0105 r\u0119k\u0119. Dany fakt w po\u0142\u0105czeniu ze stale rozwijaj\u0105cymi sie mo\u017cliwo\u015bciami technologicznymi pozwoli\u0142 na powstanie serwisu, gdzie ka\u017cdy b\u0119dzie czu\u0142 si\u0119 swobodnie, decyduj\u0105c samodzielnie o tempie, rodzaju i koszcie powzi\u0119tej nauki.<\/span>[\/vc_column_text][\/vc_column][vc_column width=&#8221;1\/2&#8243;][vc_single_image image=&#8221;237&#8243; img_size=&#8221;large&#8221; alignment=&#8221;center&#8221;][\/vc_column][\/vc_row][vc_row][vc_column][vc_column_text]<span style=\"font-family: helvetica, arial, sans-serif; font-size: 24pt;\"><strong>Serwis oferuje<\/strong> pomoc w postaci indywidualnych korepetycji online oraz kurs\u00f3w online. Mimo i\u017c pierwsze kroki w funkcjonowaniu serwisu k\u0142ad\u0105 nacisk g\u0142\u00f3wnie na nauk\u0119 matematyki, to docelowo oferta zostanie poszerzona o takie dziedziny wiedzy jak j\u0119zyki obce, fizyka czy chemia. Akademia Prymus\u00f3w to miejsce, gdzie setka korepetytor\u00f3w i instruktor\u00f3w spotyka si\u0119 ze sob\u0105, aby w dogodnym dla Ciebie miejscu i czasie wspomaga\u0107 Ci\u0119 w nabywaniu wiedzy.<\/span>[\/vc_column_text][vc_single_image image=&#8221;369&#8243; img_size=&#8221;large&#8221; alignment=&#8221;center&#8221;][\/vc_column][\/vc_row]<\/p>\n","protected":false},"excerpt":{"rendered":"<p>vc_row css=&#8221;.vc_custom_1665058251613{padding-top: 60px !important;}&#8221;vc_column width=&#8221;1\/2&#8243;vc_column_text Kim jeste\u015bmy? &nbsp; Akademia Prymus\u00f3w to portal, kt\u00f3rego misj\u0105 jest pomaganie m\u0142odzie\u017cy w nabywaniu wiedzy &hellip;<\/p>\n","protected":false},"author":1,"featured_media":0,"parent":0,"menu_order":0,"comment_status":"closed","ping_status":"closed","template":"","meta":{"_bbp_topic_count":0,"_bbp_reply_count":0,"_bbp_total_topic_count":0,"_bbp_total_reply_count":0,"_bbp_voice_count":0,"_bbp_anonymous_reply_count":0,"_bbp_topic_count_hidden":0,"_bbp_reply_count_hidden":0,"_bbp_forum_subforum_count":0,"pmpro_default_level":"","_monsterinsights_skip_tracking":false,"_monsterinsights_sitenote_active":false,"_monsterinsights_sitenote_note":"","_monsterinsights_sitenote_category":0,"footnotes":""},"class_list":["post-358","page","type-page","status-publish","hentry","pmpro-has-access","user-has-not-earned"],"yoast_head":"<!-- This site is optimized with the Yoast SEO plugin v27.3 - https:\/\/yoast.com\/product\/yoast-seo-wordpress\/ -->\n<title>O nas - Akademia Prymus\u00f3w<\/title>\n<meta name=\"robots\" content=\"index, follow, max-snippet:-1, max-image-preview:large, max-video-preview:-1\" \/>\n<link rel=\"canonical\" href=\"https:\/\/akademiaprymusow.pl\/index.php\/o-nas\/\" \/>\n<meta property=\"og:locale\" content=\"pl_PL\" \/>\n<meta property=\"og:type\" content=\"article\" \/>\n<meta property=\"og:title\" content=\"O nas - Akademia Prymus\u00f3w\" \/>\n<meta property=\"og:description\" content=\"vc_row css=&#8221;.vc_custom_1665058251613{padding-top: 60px !important;}&#8221;vc_column width=&#8221;1\/2&#8243;vc_column_text Kim jeste\u015bmy? &nbsp; Akademia Prymus\u00f3w to portal, kt\u00f3rego misj\u0105 jest pomaganie m\u0142odzie\u017cy w nabywaniu wiedzy &hellip;\" \/>\n<meta property=\"og:url\" content=\"https:\/\/akademiaprymusow.pl\/index.php\/o-nas\/\" \/>\n<meta property=\"og:site_name\" content=\"Akademia Prymus\u00f3w\" \/>\n<meta property=\"article:modified_time\" content=\"2022-10-13T17:42:42+00:00\" \/>\n<meta name=\"twitter:card\" content=\"summary_large_image\" \/>\n<meta name=\"twitter:label1\" content=\"Szacowany czas czytania\" \/>\n\t<meta name=\"twitter:data1\" content=\"1 minuta\" \/>\n<script type=\"application\/ld+json\" class=\"yoast-schema-graph\">{\"@context\":\"https:\\\/\\\/schema.org\",\"@graph\":[{\"@type\":\"WebPage\",\"@id\":\"https:\\\/\\\/akademiaprymusow.pl\\\/index.php\\\/o-nas\\\/\",\"url\":\"https:\\\/\\\/akademiaprymusow.pl\\\/index.php\\\/o-nas\\\/\",\"name\":\"O nas - Akademia Prymus\u00f3w\",\"isPartOf\":{\"@id\":\"https:\\\/\\\/akademiaprymusow.pl\\\/#website\"},\"datePublished\":\"2022-10-06T12:03:33+00:00\",\"dateModified\":\"2022-10-13T17:42:42+00:00\",\"breadcrumb\":{\"@id\":\"https:\\\/\\\/akademiaprymusow.pl\\\/index.php\\\/o-nas\\\/#breadcrumb\"},\"inLanguage\":\"pl-PL\",\"potentialAction\":[{\"@type\":\"ReadAction\",\"target\":[\"https:\\\/\\\/akademiaprymusow.pl\\\/index.php\\\/o-nas\\\/\"]}]},{\"@type\":\"BreadcrumbList\",\"@id\":\"https:\\\/\\\/akademiaprymusow.pl\\\/index.php\\\/o-nas\\\/#breadcrumb\",\"itemListElement\":[{\"@type\":\"ListItem\",\"position\":1,\"name\":\"Strona g\u0142\u00f3wna\",\"item\":\"https:\\\/\\\/akademiaprymusow.pl\\\/\"},{\"@type\":\"ListItem\",\"position\":2,\"name\":\"O nas\"}]},{\"@type\":\"WebSite\",\"@id\":\"https:\\\/\\\/akademiaprymusow.pl\\\/#website\",\"url\":\"https:\\\/\\\/akademiaprymusow.pl\\\/\",\"name\":\"Akademia Prymus\u00f3w\",\"description\":\"Nadr\u00f3bmy razem zaleg\u0142o\u015bci!\",\"potentialAction\":[{\"@type\":\"SearchAction\",\"target\":{\"@type\":\"EntryPoint\",\"urlTemplate\":\"https:\\\/\\\/akademiaprymusow.pl\\\/?s={search_term_string}\"},\"query-input\":{\"@type\":\"PropertyValueSpecification\",\"valueRequired\":true,\"valueName\":\"search_term_string\"}}],\"inLanguage\":\"pl-PL\"}]}<\/script>\n<!-- \/ Yoast SEO plugin. -->","yoast_head_json":{"title":"O nas - Akademia Prymus\u00f3w","robots":{"index":"index","follow":"follow","max-snippet":"max-snippet:-1","max-image-preview":"max-image-preview:large","max-video-preview":"max-video-preview:-1"},"canonical":"https:\/\/akademiaprymusow.pl\/index.php\/o-nas\/","og_locale":"pl_PL","og_type":"article","og_title":"O nas - Akademia Prymus\u00f3w","og_description":"vc_row css=&#8221;.vc_custom_1665058251613{padding-top: 60px !important;}&#8221;vc_column width=&#8221;1\/2&#8243;vc_column_text Kim jeste\u015bmy? &nbsp; Akademia Prymus\u00f3w to portal, kt\u00f3rego misj\u0105 jest pomaganie m\u0142odzie\u017cy w nabywaniu wiedzy &hellip;","og_url":"https:\/\/akademiaprymusow.pl\/index.php\/o-nas\/","og_site_name":"Akademia Prymus\u00f3w","article_modified_time":"2022-10-13T17:42:42+00:00","twitter_card":"summary_large_image","twitter_misc":{"Szacowany czas czytania":"1 minuta"},"schema":{"@context":"https:\/\/schema.org","@graph":[{"@type":"WebPage","@id":"https:\/\/akademiaprymusow.pl\/index.php\/o-nas\/","url":"https:\/\/akademiaprymusow.pl\/index.php\/o-nas\/","name":"O nas - Akademia Prymus\u00f3w","isPartOf":{"@id":"https:\/\/akademiaprymusow.pl\/#website"},"datePublished":"2022-10-06T12:03:33+00:00","dateModified":"2022-10-13T17:42:42+00:00","breadcrumb":{"@id":"https:\/\/akademiaprymusow.pl\/index.php\/o-nas\/#breadcrumb"},"inLanguage":"pl-PL","potentialAction":[{"@type":"ReadAction","target":["https:\/\/akademiaprymusow.pl\/index.php\/o-nas\/"]}]},{"@type":"BreadcrumbList","@id":"https:\/\/akademiaprymusow.pl\/index.php\/o-nas\/#breadcrumb","itemListElement":[{"@type":"ListItem","position":1,"name":"Strona g\u0142\u00f3wna","item":"https:\/\/akademiaprymusow.pl\/"},{"@type":"ListItem","position":2,"name":"O nas"}]},{"@type":"WebSite","@id":"https:\/\/akademiaprymusow.pl\/#website","url":"https:\/\/akademiaprymusow.pl\/","name":"Akademia Prymus\u00f3w","description":"Nadr\u00f3bmy razem zaleg\u0142o\u015bci!","potentialAction":[{"@type":"SearchAction","target":{"@type":"EntryPoint","urlTemplate":"https:\/\/akademiaprymusow.pl\/?s={search_term_string}"},"query-input":{"@type":"PropertyValueSpecification","valueRequired":true,"valueName":"search_term_string"}}],"inLanguage":"pl-PL"}]}},"_links":{"self":[{"href":"https:\/\/akademiaprymusow.pl\/index.php\/wp-json\/wp\/v2\/pages\/358","targetHints":{"allow":["GET"]}}],"collection":[{"href":"https:\/\/akademiaprymusow.pl\/index.php\/wp-json\/wp\/v2\/pages"}],"about":[{"href":"https:\/\/akademiaprymusow.pl\/index.php\/wp-json\/wp\/v2\/types\/page"}],"author":[{"embeddable":true,"href":"https:\/\/akademiaprymusow.pl\/index.php\/wp-json\/wp\/v2\/users\/1"}],"replies":[{"embeddable":true,"href":"https:\/\/akademiaprymusow.pl\/index.php\/wp-json\/wp\/v2\/comments?post=358"}],"version-history":[{"count":14,"href":"https:\/\/akademiaprymusow.pl\/index.php\/wp-json\/wp\/v2\/pages\/358\/revisions"}],"predecessor-version":[{"id":401,"href":"https:\/\/akademiaprymusow.pl\/index.php\/wp-json\/wp\/v2\/pages\/358\/revisions\/401"}],"wp:attachment":[{"href":"https:\/\/akademiaprymusow.pl\/index.php\/wp-json\/wp\/v2\/media?parent=358"}],"curies":[{"name":"wp","href":"https:\/\/api.w.org\/{rel}","templated":true}]}}