{"id":863,"date":"2023-06-13T12:54:21","date_gmt":"2023-06-13T13:54:21","guid":{"rendered":"https:\/\/akademiaprymusow.pl\/?page_id=863"},"modified":"2023-06-19T18:00:07","modified_gmt":"2023-06-19T19:00:07","slug":"baza-wiedzy-matematyka","status":"publish","type":"page","link":"https:\/\/akademiaprymusow.pl\/index.php\/baza-wiedzy-matematyka\/","title":{"rendered":"Baza wiedzy"},"content":{"rendered":"<p>[vc_row][vc_column][vc_row_inner][vc_column_inner][vc_column_text]<\/p>\n<p style=\"text-align: center;\"><span style=\"font-size: 18pt;\"><strong><span style=\"font-family: helvetica, arial, sans-serif;\">Funkcja liniowa<\/span><\/strong><\/span><\/p>\n<p>[\/vc_column_text][vc_separator color=&#8221;black&#8221; el_width=&#8221;40&#8243;][\/vc_column_inner][\/vc_row_inner][\/vc_column][\/vc_row][vc_row][vc_column width=&#8221;1\/4&#8243;][vc_single_image image=&#8221;864&#8243; img_size=&#8221;medium&#8221; onclick=&#8221;custom_link&#8221; link=&#8221;https:\/\/akademiaprymusow.pl\/wp-content\/uploads\/2023\/04\/Miejsce-zerowe-funkcji-liniowej.pdf&#8221;][vc_column_text]<\/p>\n<p style=\"text-align: center;\"><strong><span style=\"font-size: 14pt; font-family: helvetica, arial, sans-serif;\">Miejsce zerowe funkcji liniowej<\/span><\/strong><\/p>\n<p style=\"text-align: center;\"><a href=\"https:\/\/akademiaprymusow.pl\/wp-content\/uploads\/2023\/04\/Miejsce-zerowe-funkcji-liniowej.pdf\"><span style=\"font-family: helvetica, arial, sans-serif;\">Pobierz poradnik PDF<\/span><\/a><\/p>\n<p>[\/vc_column_text][\/vc_column][vc_column width=&#8221;1\/4&#8243;][vc_single_image image=&#8221;869&#8243; img_size=&#8221;medium&#8221; onclick=&#8221;custom_link&#8221; link=&#8221;https:\/\/akademiaprymusow.pl\/wp-content\/uploads\/2023\/04\/Miejsce-zerowe-funkcji-liniowej.pdf&#8221;][vc_column_text]<\/p>\n<p style=\"text-align: center;\"><strong><span style=\"font-size: 14pt; font-family: helvetica, arial, sans-serif;\">Wsp\u00f3\u0142czynnik kierunkowy funkcji liniowej<\/span><\/strong><\/p>\n<p style=\"text-align: center;\"><a href=\"https:\/\/akademiaprymusow.pl\/wp-content\/uploads\/2023\/04\/Wspolczynnik-kierunkowy-funkcji-liniowej.pdf\"><span style=\"font-family: helvetica, arial, sans-serif;\">Pobierz poradnik PDF<\/span><\/a><\/p>\n<p>[\/vc_column_text][\/vc_column][vc_column width=&#8221;1\/4&#8243;][vc_single_image image=&#8221;882&#8243; img_size=&#8221;medium&#8221; onclick=&#8221;custom_link&#8221; link=&#8221;https:\/\/akademiaprymusow.pl\/wp-content\/uploads\/2023\/06\/Warunek-prostopadlosci.pdf&#8221;][vc_column_text]<\/p>\n<p style=\"text-align: center;\"><strong><span style=\"font-size: 14pt; font-family: helvetica, arial, sans-serif;\">Warunek prostopad\u0142o\u015bci prostych<\/span><\/strong><\/p>\n<p style=\"text-align: center;\"><a href=\"https:\/\/akademiaprymusow.pl\/wp-content\/uploads\/2023\/06\/Warunek-prostopadlosci.pdf\"><span style=\"font-family: helvetica, arial, sans-serif;\">Pobierz poradnik PDF<\/span><\/a><\/p>\n<p>[\/vc_column_text][\/vc_column][vc_column width=&#8221;1\/4&#8243;][vc_single_image image=&#8221;883&#8243; img_size=&#8221;medium&#8221; onclick=&#8221;custom_link&#8221; link=&#8221;https:\/\/akademiaprymusow.pl\/wp-content\/uploads\/2023\/06\/Uklad-rownan-liniowych.pdf&#8221;][vc_column_text]<\/p>\n<p style=\"text-align: center;\"><strong><span style=\"font-size: 14pt; font-family: helvetica, arial, sans-serif;\">Uk\u0142ad r\u00f3wna\u0144 liniowych<\/span><\/strong><\/p>\n<p style=\"text-align: center;\"><a href=\"https:\/\/akademiaprymusow.pl\/wp-content\/uploads\/2023\/06\/Uklad-rownan-liniowych.pdf\"><span style=\"font-family: helvetica, arial, sans-serif;\">Pobierz poradnik PDF<\/span><\/a><\/p>\n<p>[\/vc_column_text][\/vc_column][\/vc_row][vc_row][vc_column][vc_row_inner][vc_column_inner][vc_column_text]<\/p>\n<p style=\"text-align: center;\"><span style=\"font-size: 18pt;\"><strong><span style=\"font-family: helvetica, arial, sans-serif;\">Algebra<\/span><\/strong><\/span><\/p>\n<p>[\/vc_column_text][vc_separator color=&#8221;black&#8221; el_width=&#8221;40&#8243;][\/vc_column_inner][\/vc_row_inner][\/vc_column][\/vc_row][vc_row][vc_column width=&#8221;1\/4&#8243;][vc_single_image image=&#8221;872&#8243; img_size=&#8221;medium&#8221; onclick=&#8221;custom_link&#8221; link=&#8221;https:\/\/akademiaprymusow.pl\/wp-content\/uploads\/2023\/05\/Wartosc-bezwzgledna.pdf&#8221;][vc_column_text]<\/p>\n<p style=\"text-align: center;\"><strong><span style=\"font-size: 14pt; font-family: helvetica, arial, sans-serif;\">Warto\u015b\u0107 bezwzgl\u0119dna<\/span><\/strong><\/p>\n<p style=\"text-align: center;\"><a href=\"https:\/\/akademiaprymusow.pl\/wp-content\/uploads\/2023\/05\/Wartosc-bezwzgledna.pdf\"><span style=\"font-family: helvetica, arial, sans-serif;\">Pobierz poradnik PDF<\/span><\/a><\/p>\n<p>[\/vc_column_text][\/vc_column][vc_column width=&#8221;1\/4&#8243;][vc_single_image image=&#8221;873&#8243; img_size=&#8221;medium&#8221; onclick=&#8221;custom_link&#8221; link=&#8221;https:\/\/akademiaprymusow.pl\/wp-content\/uploads\/2023\/05\/Usuwanie-niewymiernosci-z-mianownika.pdf&#8221;][vc_column_text]<\/p>\n<p style=\"text-align: center;\"><strong><span style=\"font-size: 14pt; font-family: helvetica, arial, sans-serif;\">Usuwanie niewymierno\u015bci z mianownika<\/span><\/strong><\/p>\n<p style=\"text-align: center;\"><a href=\"https:\/\/akademiaprymusow.pl\/wp-content\/uploads\/2023\/05\/Usuwanie-niewymiernosci-z-mianownika.pdf\"><span style=\"font-family: helvetica, arial, sans-serif;\">Pobierz poradnik PDF<\/span><\/a><\/p>\n<p>[\/vc_column_text][\/vc_column][vc_column width=&#8221;1\/4&#8243;][\/vc_column][vc_column width=&#8221;1\/4&#8243;][\/vc_column][\/vc_row][vc_row][vc_column][vc_row_inner][vc_column_inner][vc_column_text]<\/p>\n<p style=\"text-align: center;\"><span style=\"font-size: 18pt;\"><strong><span style=\"font-family: helvetica, arial, sans-serif;\">Planimetria<\/span><\/strong><\/span><\/p>\n<p>[\/vc_column_text][vc_separator color=&#8221;black&#8221; el_width=&#8221;40&#8243;][\/vc_column_inner][\/vc_row_inner][\/vc_column][\/vc_row][vc_row][vc_column width=&#8221;1\/4&#8243;][vc_single_image image=&#8221;875&#8243; img_size=&#8221;medium&#8221; onclick=&#8221;custom_link&#8221; link=&#8221;https:\/\/akademiaprymusow.pl\/wp-content\/uploads\/2023\/05\/Odcinek-kolowy.pdf&#8221;][vc_column_text]<\/p>\n<p style=\"text-align: center;\"><strong><span style=\"font-size: 14pt; font-family: helvetica, arial, sans-serif;\">Pole powierzchni odcinka ko\u0142owego<\/span><\/strong><\/p>\n<p style=\"text-align: center;\"><a href=\"https:\/\/akademiaprymusow.pl\/wp-content\/uploads\/2023\/05\/Odcinek-kolowy.pdf\"><span style=\"font-family: helvetica, arial, sans-serif;\">Pobierz poradnik PDF<\/span><\/a><\/p>\n<p>[\/vc_column_text][\/vc_column][vc_column width=&#8221;1\/4&#8243;][\/vc_column][vc_column width=&#8221;1\/4&#8243;][\/vc_column][vc_column width=&#8221;1\/4&#8243;][\/vc_column][\/vc_row][vc_row][vc_column][vc_row_inner][vc_column_inner][vc_column_text]<\/p>\n<p style=\"text-align: center;\"><span style=\"font-size: 18pt;\"><strong><span style=\"font-family: helvetica, arial, sans-serif;\">Funkcje trygonometryczne<\/span><\/strong><\/span><\/p>\n<p>[\/vc_column_text][vc_separator color=&#8221;black&#8221; el_width=&#8221;40&#8243;][\/vc_column_inner][\/vc_row_inner][\/vc_column][\/vc_row][vc_row][vc_column width=&#8221;1\/4&#8243;][vc_single_image image=&#8221;876&#8243; img_size=&#8221;medium&#8221; onclick=&#8221;custom_link&#8221; link=&#8221;https:\/\/akademiaprymusow.pl\/wp-content\/uploads\/2023\/06\/Jedynka-Trygonometryczna.pdf&#8221;][vc_column_text]<\/p>\n<p style=\"text-align: center;\"><strong><span style=\"font-size: 14pt; font-family: helvetica, arial, sans-serif;\">Jedynka trygonometryczna<\/span><\/strong><\/p>\n<p style=\"text-align: center;\"><a href=\"https:\/\/akademiaprymusow.pl\/wp-content\/uploads\/2023\/06\/Jedynka-Trygonometryczna.pdf\"><span style=\"font-family: helvetica, arial, sans-serif;\">Pobierz poradnik PDF<\/span><\/a><\/p>\n<p>[\/vc_column_text][\/vc_column][vc_column width=&#8221;1\/4&#8243;][\/vc_column][vc_column width=&#8221;1\/4&#8243;][\/vc_column][vc_column width=&#8221;1\/4&#8243;][\/vc_column][\/vc_row]<\/p>\n","protected":false},"excerpt":{"rendered":"<p>vc_rowvc_columnvc_row_innervc_column_innervc_column_text Funkcja liniowa \/vc_column_textvc_separator color=&#8221;black&#8221; el_width=&#8221;40&#8243;\/vc_column_inner\/vc_row_inner\/vc_column\/vc_rowvc_rowvc_column width=&#8221;1\/4&#8243;vc_single_image image=&#8221;864&#8243; img_size=&#8221;medium&#8221; onclick=&#8221;custom_link&#8221; link=&#8221;https:\/\/akademiaprymusow.pl\/wp-content\/uploads\/2023\/04\/Miejsce-zerowe-funkcji-liniowej.pdf&#8221;vc_column_text Miejsce zerowe funkcji liniowej Pobierz poradnik PDF \/vc_column_text\/vc_columnvc_column width=&#8221;1\/4&#8243;vc_single_image &hellip;<\/p>\n","protected":false},"author":1,"featured_media":0,"parent":0,"menu_order":0,"comment_status":"closed","ping_status":"closed","template":"","meta":{"_bbp_topic_count":0,"_bbp_reply_count":0,"_bbp_total_topic_count":0,"_bbp_total_reply_count":0,"_bbp_voice_count":0,"_bbp_anonymous_reply_count":0,"_bbp_topic_count_hidden":0,"_bbp_reply_count_hidden":0,"_bbp_forum_subforum_count":0,"pmpro_default_level":"","_monsterinsights_skip_tracking":false,"_monsterinsights_sitenote_active":false,"_monsterinsights_sitenote_note":"","_monsterinsights_sitenote_category":0,"footnotes":""},"class_list":["post-863","page","type-page","status-publish","hentry","pmpro-has-access","user-has-not-earned"],"yoast_head":"<!-- This site is optimized with the Yoast SEO plugin v27.3 - https:\/\/yoast.com\/product\/yoast-seo-wordpress\/ -->\n<title>Baza wiedzy - Akademia Prymus\u00f3w<\/title>\n<meta name=\"robots\" content=\"index, follow, max-snippet:-1, max-image-preview:large, max-video-preview:-1\" \/>\n<link rel=\"canonical\" href=\"https:\/\/akademiaprymusow.pl\/index.php\/baza-wiedzy-matematyka\/\" \/>\n<meta property=\"og:locale\" content=\"pl_PL\" \/>\n<meta property=\"og:type\" content=\"article\" \/>\n<meta property=\"og:title\" content=\"Baza wiedzy - Akademia Prymus\u00f3w\" \/>\n<meta property=\"og:description\" content=\"vc_rowvc_columnvc_row_innervc_column_innervc_column_text Funkcja liniowa \/vc_column_textvc_separator color=&#8221;black&#8221; el_width=&#8221;40&#8243;\/vc_column_inner\/vc_row_inner\/vc_column\/vc_rowvc_rowvc_column width=&#8221;1\/4&#8243;vc_single_image image=&#8221;864&#8243; img_size=&#8221;medium&#8221; onclick=&#8221;custom_link&#8221; link=&#8221;https:\/\/akademiaprymusow.pl\/wp-content\/uploads\/2023\/04\/Miejsce-zerowe-funkcji-liniowej.pdf&#8221;vc_column_text Miejsce zerowe funkcji liniowej Pobierz poradnik PDF \/vc_column_text\/vc_columnvc_column width=&#8221;1\/4&#8243;vc_single_image &hellip;\" \/>\n<meta property=\"og:url\" content=\"https:\/\/akademiaprymusow.pl\/index.php\/baza-wiedzy-matematyka\/\" \/>\n<meta property=\"og:site_name\" content=\"Akademia Prymus\u00f3w\" \/>\n<meta property=\"article:modified_time\" content=\"2023-06-19T19:00:07+00:00\" \/>\n<meta name=\"twitter:card\" content=\"summary_large_image\" \/>\n<meta name=\"twitter:label1\" content=\"Szacowany czas czytania\" \/>\n\t<meta name=\"twitter:data1\" content=\"1 minuta\" \/>\n<script type=\"application\/ld+json\" class=\"yoast-schema-graph\">{\"@context\":\"https:\\\/\\\/schema.org\",\"@graph\":[{\"@type\":\"WebPage\",\"@id\":\"https:\\\/\\\/akademiaprymusow.pl\\\/index.php\\\/baza-wiedzy-matematyka\\\/\",\"url\":\"https:\\\/\\\/akademiaprymusow.pl\\\/index.php\\\/baza-wiedzy-matematyka\\\/\",\"name\":\"Baza wiedzy - Akademia Prymus\u00f3w\",\"isPartOf\":{\"@id\":\"https:\\\/\\\/akademiaprymusow.pl\\\/#website\"},\"datePublished\":\"2023-06-13T13:54:21+00:00\",\"dateModified\":\"2023-06-19T19:00:07+00:00\",\"breadcrumb\":{\"@id\":\"https:\\\/\\\/akademiaprymusow.pl\\\/index.php\\\/baza-wiedzy-matematyka\\\/#breadcrumb\"},\"inLanguage\":\"pl-PL\",\"potentialAction\":[{\"@type\":\"ReadAction\",\"target\":[\"https:\\\/\\\/akademiaprymusow.pl\\\/index.php\\\/baza-wiedzy-matematyka\\\/\"]}]},{\"@type\":\"BreadcrumbList\",\"@id\":\"https:\\\/\\\/akademiaprymusow.pl\\\/index.php\\\/baza-wiedzy-matematyka\\\/#breadcrumb\",\"itemListElement\":[{\"@type\":\"ListItem\",\"position\":1,\"name\":\"Strona g\u0142\u00f3wna\",\"item\":\"https:\\\/\\\/akademiaprymusow.pl\\\/\"},{\"@type\":\"ListItem\",\"position\":2,\"name\":\"Baza wiedzy\"}]},{\"@type\":\"WebSite\",\"@id\":\"https:\\\/\\\/akademiaprymusow.pl\\\/#website\",\"url\":\"https:\\\/\\\/akademiaprymusow.pl\\\/\",\"name\":\"Akademia Prymus\u00f3w\",\"description\":\"Nadr\u00f3bmy razem zaleg\u0142o\u015bci!\",\"potentialAction\":[{\"@type\":\"SearchAction\",\"target\":{\"@type\":\"EntryPoint\",\"urlTemplate\":\"https:\\\/\\\/akademiaprymusow.pl\\\/?s={search_term_string}\"},\"query-input\":{\"@type\":\"PropertyValueSpecification\",\"valueRequired\":true,\"valueName\":\"search_term_string\"}}],\"inLanguage\":\"pl-PL\"}]}<\/script>\n<!-- \/ Yoast SEO plugin. -->","yoast_head_json":{"title":"Baza wiedzy - Akademia Prymus\u00f3w","robots":{"index":"index","follow":"follow","max-snippet":"max-snippet:-1","max-image-preview":"max-image-preview:large","max-video-preview":"max-video-preview:-1"},"canonical":"https:\/\/akademiaprymusow.pl\/index.php\/baza-wiedzy-matematyka\/","og_locale":"pl_PL","og_type":"article","og_title":"Baza wiedzy - Akademia Prymus\u00f3w","og_description":"vc_rowvc_columnvc_row_innervc_column_innervc_column_text Funkcja liniowa \/vc_column_textvc_separator color=&#8221;black&#8221; el_width=&#8221;40&#8243;\/vc_column_inner\/vc_row_inner\/vc_column\/vc_rowvc_rowvc_column width=&#8221;1\/4&#8243;vc_single_image image=&#8221;864&#8243; img_size=&#8221;medium&#8221; onclick=&#8221;custom_link&#8221; link=&#8221;https:\/\/akademiaprymusow.pl\/wp-content\/uploads\/2023\/04\/Miejsce-zerowe-funkcji-liniowej.pdf&#8221;vc_column_text Miejsce zerowe funkcji liniowej Pobierz poradnik PDF \/vc_column_text\/vc_columnvc_column width=&#8221;1\/4&#8243;vc_single_image &hellip;","og_url":"https:\/\/akademiaprymusow.pl\/index.php\/baza-wiedzy-matematyka\/","og_site_name":"Akademia Prymus\u00f3w","article_modified_time":"2023-06-19T19:00:07+00:00","twitter_card":"summary_large_image","twitter_misc":{"Szacowany czas czytania":"1 minuta"},"schema":{"@context":"https:\/\/schema.org","@graph":[{"@type":"WebPage","@id":"https:\/\/akademiaprymusow.pl\/index.php\/baza-wiedzy-matematyka\/","url":"https:\/\/akademiaprymusow.pl\/index.php\/baza-wiedzy-matematyka\/","name":"Baza wiedzy - Akademia Prymus\u00f3w","isPartOf":{"@id":"https:\/\/akademiaprymusow.pl\/#website"},"datePublished":"2023-06-13T13:54:21+00:00","dateModified":"2023-06-19T19:00:07+00:00","breadcrumb":{"@id":"https:\/\/akademiaprymusow.pl\/index.php\/baza-wiedzy-matematyka\/#breadcrumb"},"inLanguage":"pl-PL","potentialAction":[{"@type":"ReadAction","target":["https:\/\/akademiaprymusow.pl\/index.php\/baza-wiedzy-matematyka\/"]}]},{"@type":"BreadcrumbList","@id":"https:\/\/akademiaprymusow.pl\/index.php\/baza-wiedzy-matematyka\/#breadcrumb","itemListElement":[{"@type":"ListItem","position":1,"name":"Strona g\u0142\u00f3wna","item":"https:\/\/akademiaprymusow.pl\/"},{"@type":"ListItem","position":2,"name":"Baza wiedzy"}]},{"@type":"WebSite","@id":"https:\/\/akademiaprymusow.pl\/#website","url":"https:\/\/akademiaprymusow.pl\/","name":"Akademia Prymus\u00f3w","description":"Nadr\u00f3bmy razem zaleg\u0142o\u015bci!","potentialAction":[{"@type":"SearchAction","target":{"@type":"EntryPoint","urlTemplate":"https:\/\/akademiaprymusow.pl\/?s={search_term_string}"},"query-input":{"@type":"PropertyValueSpecification","valueRequired":true,"valueName":"search_term_string"}}],"inLanguage":"pl-PL"}]}},"_links":{"self":[{"href":"https:\/\/akademiaprymusow.pl\/index.php\/wp-json\/wp\/v2\/pages\/863","targetHints":{"allow":["GET"]}}],"collection":[{"href":"https:\/\/akademiaprymusow.pl\/index.php\/wp-json\/wp\/v2\/pages"}],"about":[{"href":"https:\/\/akademiaprymusow.pl\/index.php\/wp-json\/wp\/v2\/types\/page"}],"author":[{"embeddable":true,"href":"https:\/\/akademiaprymusow.pl\/index.php\/wp-json\/wp\/v2\/users\/1"}],"replies":[{"embeddable":true,"href":"https:\/\/akademiaprymusow.pl\/index.php\/wp-json\/wp\/v2\/comments?post=863"}],"version-history":[{"count":10,"href":"https:\/\/akademiaprymusow.pl\/index.php\/wp-json\/wp\/v2\/pages\/863\/revisions"}],"predecessor-version":[{"id":884,"href":"https:\/\/akademiaprymusow.pl\/index.php\/wp-json\/wp\/v2\/pages\/863\/revisions\/884"}],"wp:attachment":[{"href":"https:\/\/akademiaprymusow.pl\/index.php\/wp-json\/wp\/v2\/media?parent=863"}],"curies":[{"name":"wp","href":"https:\/\/api.w.org\/{rel}","templated":true}]}}