{"id":978,"date":"2023-09-22T20:27:52","date_gmt":"2023-09-22T21:27:52","guid":{"rendered":"https:\/\/akademiaprymusow.pl\/?page_id=978"},"modified":"2023-09-22T20:27:52","modified_gmt":"2023-09-22T21:27:52","slug":"podstawy-geometrii-3","status":"publish","type":"page","link":"https:\/\/akademiaprymusow.pl\/index.php\/podstawy-geometrii-3\/","title":{"rendered":"Oferta Podstawy Geometrii"},"content":{"rendered":"<p>[vc_row][vc_column][vc_column_text]<\/p>\n<h2 style=\"text-align: center;\"><span style=\"font-family: helvetica, arial, sans-serif;\"><span style=\"font-size: 24pt;\">Musisz szybko powt\u00f3rzy\u0107 <span style=\"color: #ff4367;\">geometri\u0119<\/span>! Pobierz <span style=\"color: #ff4367;\">za darmo <\/span>nasz poradnik!<\/span><\/span><\/h2>\n<p>[\/vc_column_text][vc_separator color=&#8221;black&#8221; el_width=&#8221;40&#8243;][\/vc_column][\/vc_row][vc_row full_width=&#8221;stretch_row&#8221; css=&#8221;.vc_custom_1678972541533{background-color: #ffffff !important;background-position: center !important;background-repeat: no-repeat !important;background-size: cover !important;}&#8221;][vc_column width=&#8221;1\/2&#8243;][vc_single_image image=&#8221;979&#8243; img_size=&#8221;600&#215;435&#8243; alignment=&#8221;center&#8221; onclick=&#8221;custom_link&#8221; link=&#8221;https:\/\/akademiaprymusow.pl\/wp-content\/uploads\/2023\/09\/PODSTAWY-GEOMETRII.pdf&#8221;][\/vc_column][vc_column width=&#8221;1\/2&#8243;][vc_column_text]<\/p>\n<p style=\"text-align: center;\"><strong><span style=\"font-family: helvetica, arial, sans-serif; font-size: 20pt;\">Podstawy Geometrii. <span style=\"color: #ff4367;\">Planimetria<\/span>.<\/span><\/strong><\/p>\n<p>&nbsp;<\/p>\n<p style=\"text-align: center;\"><span style=\"font-family: helvetica, arial, sans-serif; font-size: 16pt;\">Praktyczny poradnik z geometrii dla uczni\u00f3w szk\u00f3\u0142 podstawowych oraz ponadpodstawowych, chc\u0105cych powt\u00f3rzy\u0107 lub rozszerzy\u0107 wiedz\u0119 z zakresu podstaw geometrii.<\/span><\/p>\n<p style=\"text-align: center;\"><span style=\"font-family: helvetica, arial, sans-serif; font-size: 16pt;\">Napisany prostym, zrozumia\u0142ym dla ka\u017cdego j\u0119zykiem stanowi zbi\u00f3r definicji i wzor\u00f3w, kt\u00f3re ka\u017cdy ucze\u0144 powinien zna\u0107.<\/span><\/p>\n<p>[\/vc_column_text][vc_single_image image=&#8221;984&#8243; img_size=&#8221;full&#8221; alignment=&#8221;center&#8221; onclick=&#8221;custom_link&#8221; link=&#8221;https:\/\/akademiaprymusow.pl\/wp-content\/uploads\/2023\/09\/PODSTAWY-GEOMETRII.pdf&#8221;][\/vc_column][\/vc_row]<\/p>\n","protected":false},"excerpt":{"rendered":"<p>vc_rowvc_columnvc_column_text Musisz szybko powt\u00f3rzy\u0107 geometri\u0119! Pobierz za darmo nasz poradnik! \/vc_column_textvc_separator color=&#8221;black&#8221; el_width=&#8221;40&#8243;\/vc_column\/vc_rowvc_row full_width=&#8221;stretch_row&#8221; css=&#8221;.vc_custom_1678972541533{background-color: #ffffff !important;background-position: center !important;background-repeat: no-repeat &hellip;<\/p>\n","protected":false},"author":1,"featured_media":0,"parent":0,"menu_order":0,"comment_status":"closed","ping_status":"closed","template":"","meta":{"_bbp_topic_count":0,"_bbp_reply_count":0,"_bbp_total_topic_count":0,"_bbp_total_reply_count":0,"_bbp_voice_count":0,"_bbp_anonymous_reply_count":0,"_bbp_topic_count_hidden":0,"_bbp_reply_count_hidden":0,"_bbp_forum_subforum_count":0,"pmpro_default_level":"","_monsterinsights_skip_tracking":false,"_monsterinsights_sitenote_active":false,"_monsterinsights_sitenote_note":"","_monsterinsights_sitenote_category":0,"footnotes":""},"class_list":["post-978","page","type-page","status-publish","hentry","pmpro-has-access","user-has-not-earned"],"yoast_head":"<!-- This site is optimized with the Yoast SEO plugin v27.3 - https:\/\/yoast.com\/product\/yoast-seo-wordpress\/ -->\n<title>Oferta Podstawy Geometrii - Akademia Prymus\u00f3w<\/title>\n<meta name=\"robots\" content=\"index, follow, max-snippet:-1, max-image-preview:large, max-video-preview:-1\" \/>\n<link rel=\"canonical\" href=\"https:\/\/akademiaprymusow.pl\/index.php\/podstawy-geometrii-3\/\" \/>\n<meta property=\"og:locale\" content=\"pl_PL\" \/>\n<meta property=\"og:type\" content=\"article\" \/>\n<meta property=\"og:title\" content=\"Oferta Podstawy Geometrii - Akademia Prymus\u00f3w\" \/>\n<meta property=\"og:description\" content=\"vc_rowvc_columnvc_column_text Musisz szybko powt\u00f3rzy\u0107 geometri\u0119! Pobierz za darmo nasz poradnik! \/vc_column_textvc_separator color=&#8221;black&#8221; el_width=&#8221;40&#8243;\/vc_column\/vc_rowvc_row full_width=&#8221;stretch_row&#8221; css=&#8221;.vc_custom_1678972541533{background-color: #ffffff !important;background-position: center !important;background-repeat: no-repeat &hellip;\" \/>\n<meta property=\"og:url\" content=\"https:\/\/akademiaprymusow.pl\/index.php\/podstawy-geometrii-3\/\" \/>\n<meta property=\"og:site_name\" content=\"Akademia Prymus\u00f3w\" \/>\n<meta name=\"twitter:card\" content=\"summary_large_image\" \/>\n<meta name=\"twitter:label1\" content=\"Szacowany czas czytania\" \/>\n\t<meta name=\"twitter:data1\" content=\"1 minuta\" \/>\n<script type=\"application\/ld+json\" class=\"yoast-schema-graph\">{\"@context\":\"https:\\\/\\\/schema.org\",\"@graph\":[{\"@type\":\"WebPage\",\"@id\":\"https:\\\/\\\/akademiaprymusow.pl\\\/index.php\\\/podstawy-geometrii-3\\\/\",\"url\":\"https:\\\/\\\/akademiaprymusow.pl\\\/index.php\\\/podstawy-geometrii-3\\\/\",\"name\":\"Oferta Podstawy Geometrii - Akademia Prymus\u00f3w\",\"isPartOf\":{\"@id\":\"https:\\\/\\\/akademiaprymusow.pl\\\/#website\"},\"datePublished\":\"2023-09-22T21:27:52+00:00\",\"breadcrumb\":{\"@id\":\"https:\\\/\\\/akademiaprymusow.pl\\\/index.php\\\/podstawy-geometrii-3\\\/#breadcrumb\"},\"inLanguage\":\"pl-PL\",\"potentialAction\":[{\"@type\":\"ReadAction\",\"target\":[\"https:\\\/\\\/akademiaprymusow.pl\\\/index.php\\\/podstawy-geometrii-3\\\/\"]}]},{\"@type\":\"BreadcrumbList\",\"@id\":\"https:\\\/\\\/akademiaprymusow.pl\\\/index.php\\\/podstawy-geometrii-3\\\/#breadcrumb\",\"itemListElement\":[{\"@type\":\"ListItem\",\"position\":1,\"name\":\"Strona g\u0142\u00f3wna\",\"item\":\"https:\\\/\\\/akademiaprymusow.pl\\\/\"},{\"@type\":\"ListItem\",\"position\":2,\"name\":\"Oferta Podstawy Geometrii\"}]},{\"@type\":\"WebSite\",\"@id\":\"https:\\\/\\\/akademiaprymusow.pl\\\/#website\",\"url\":\"https:\\\/\\\/akademiaprymusow.pl\\\/\",\"name\":\"Akademia Prymus\u00f3w\",\"description\":\"Nadr\u00f3bmy razem zaleg\u0142o\u015bci!\",\"potentialAction\":[{\"@type\":\"SearchAction\",\"target\":{\"@type\":\"EntryPoint\",\"urlTemplate\":\"https:\\\/\\\/akademiaprymusow.pl\\\/?s={search_term_string}\"},\"query-input\":{\"@type\":\"PropertyValueSpecification\",\"valueRequired\":true,\"valueName\":\"search_term_string\"}}],\"inLanguage\":\"pl-PL\"}]}<\/script>\n<!-- \/ Yoast SEO plugin. -->","yoast_head_json":{"title":"Oferta Podstawy Geometrii - Akademia Prymus\u00f3w","robots":{"index":"index","follow":"follow","max-snippet":"max-snippet:-1","max-image-preview":"max-image-preview:large","max-video-preview":"max-video-preview:-1"},"canonical":"https:\/\/akademiaprymusow.pl\/index.php\/podstawy-geometrii-3\/","og_locale":"pl_PL","og_type":"article","og_title":"Oferta Podstawy Geometrii - Akademia Prymus\u00f3w","og_description":"vc_rowvc_columnvc_column_text Musisz szybko powt\u00f3rzy\u0107 geometri\u0119! Pobierz za darmo nasz poradnik! \/vc_column_textvc_separator color=&#8221;black&#8221; el_width=&#8221;40&#8243;\/vc_column\/vc_rowvc_row full_width=&#8221;stretch_row&#8221; css=&#8221;.vc_custom_1678972541533{background-color: #ffffff !important;background-position: center !important;background-repeat: no-repeat &hellip;","og_url":"https:\/\/akademiaprymusow.pl\/index.php\/podstawy-geometrii-3\/","og_site_name":"Akademia Prymus\u00f3w","twitter_card":"summary_large_image","twitter_misc":{"Szacowany czas czytania":"1 minuta"},"schema":{"@context":"https:\/\/schema.org","@graph":[{"@type":"WebPage","@id":"https:\/\/akademiaprymusow.pl\/index.php\/podstawy-geometrii-3\/","url":"https:\/\/akademiaprymusow.pl\/index.php\/podstawy-geometrii-3\/","name":"Oferta Podstawy Geometrii - Akademia Prymus\u00f3w","isPartOf":{"@id":"https:\/\/akademiaprymusow.pl\/#website"},"datePublished":"2023-09-22T21:27:52+00:00","breadcrumb":{"@id":"https:\/\/akademiaprymusow.pl\/index.php\/podstawy-geometrii-3\/#breadcrumb"},"inLanguage":"pl-PL","potentialAction":[{"@type":"ReadAction","target":["https:\/\/akademiaprymusow.pl\/index.php\/podstawy-geometrii-3\/"]}]},{"@type":"BreadcrumbList","@id":"https:\/\/akademiaprymusow.pl\/index.php\/podstawy-geometrii-3\/#breadcrumb","itemListElement":[{"@type":"ListItem","position":1,"name":"Strona g\u0142\u00f3wna","item":"https:\/\/akademiaprymusow.pl\/"},{"@type":"ListItem","position":2,"name":"Oferta Podstawy Geometrii"}]},{"@type":"WebSite","@id":"https:\/\/akademiaprymusow.pl\/#website","url":"https:\/\/akademiaprymusow.pl\/","name":"Akademia Prymus\u00f3w","description":"Nadr\u00f3bmy razem zaleg\u0142o\u015bci!","potentialAction":[{"@type":"SearchAction","target":{"@type":"EntryPoint","urlTemplate":"https:\/\/akademiaprymusow.pl\/?s={search_term_string}"},"query-input":{"@type":"PropertyValueSpecification","valueRequired":true,"valueName":"search_term_string"}}],"inLanguage":"pl-PL"}]}},"_links":{"self":[{"href":"https:\/\/akademiaprymusow.pl\/index.php\/wp-json\/wp\/v2\/pages\/978","targetHints":{"allow":["GET"]}}],"collection":[{"href":"https:\/\/akademiaprymusow.pl\/index.php\/wp-json\/wp\/v2\/pages"}],"about":[{"href":"https:\/\/akademiaprymusow.pl\/index.php\/wp-json\/wp\/v2\/types\/page"}],"author":[{"embeddable":true,"href":"https:\/\/akademiaprymusow.pl\/index.php\/wp-json\/wp\/v2\/users\/1"}],"replies":[{"embeddable":true,"href":"https:\/\/akademiaprymusow.pl\/index.php\/wp-json\/wp\/v2\/comments?post=978"}],"version-history":[{"count":5,"href":"https:\/\/akademiaprymusow.pl\/index.php\/wp-json\/wp\/v2\/pages\/978\/revisions"}],"predecessor-version":[{"id":986,"href":"https:\/\/akademiaprymusow.pl\/index.php\/wp-json\/wp\/v2\/pages\/978\/revisions\/986"}],"wp:attachment":[{"href":"https:\/\/akademiaprymusow.pl\/index.php\/wp-json\/wp\/v2\/media?parent=978"}],"curies":[{"name":"wp","href":"https:\/\/api.w.org\/{rel}","templated":true}]}}