{"id":207,"date":"2022-09-24T17:32:47","date_gmt":"2022-09-24T18:32:47","guid":{"rendered":"https:\/\/akademiaprymusow.pl\/?post_type=product&#038;p=207"},"modified":"2023-01-17T15:24:38","modified_gmt":"2023-01-17T16:24:38","slug":"geometria-pitagorasa-szkola-podstawowa","status":"publish","type":"product","link":"https:\/\/akademiaprymusow.pl\/index.php\/product\/geometria-pitagorasa-szkola-podstawowa\/","title":{"rendered":"Geometria pitagorasa &#8211; szko\u0142a podstawowa"},"content":{"rendered":"","protected":false},"excerpt":{"rendered":"","protected":false},"featured_media":119,"template":"","meta":{"_bbp_topic_count":0,"_bbp_reply_count":0,"_bbp_total_topic_count":0,"_bbp_total_reply_count":0,"_bbp_voice_count":0,"_bbp_anonymous_reply_count":0,"_bbp_topic_count_hidden":0,"_bbp_reply_count_hidden":0,"_bbp_forum_subforum_count":0,"pmpro_default_level":"","_monsterinsights_skip_tracking":false,"_monsterinsights_sitenote_active":false,"_monsterinsights_sitenote_note":"","_monsterinsights_sitenote_category":0},"product_brand":[],"product_cat":[122],"product_tag":[],"class_list":{"0":"post-207","1":"product","2":"type-product","3":"status-publish","4":"has-post-thumbnail","6":"product_cat-szkolenia-online","7":"pmpro-has-access","8":"user-has-not-earned","10":"first","11":"instock","12":"virtual","13":"purchasable","14":"product-type-simple"},"yoast_head":"<!-- This site is optimized with the Yoast SEO plugin v27.3 - https:\/\/yoast.com\/product\/yoast-seo-wordpress\/ -->\n<title>Geometria pitagorasa - szko\u0142a podstawowa - Akademia Prymus\u00f3w<\/title>\n<meta name=\"robots\" content=\"index, follow, max-snippet:-1, max-image-preview:large, max-video-preview:-1\" \/>\n<link rel=\"canonical\" href=\"https:\/\/akademiaprymusow.pl\/index.php\/product\/geometria-pitagorasa-szkola-podstawowa\/\" \/>\n<meta property=\"og:locale\" content=\"pl_PL\" \/>\n<meta property=\"og:type\" content=\"article\" \/>\n<meta property=\"og:title\" content=\"Geometria pitagorasa - szko\u0142a podstawowa - Akademia Prymus\u00f3w\" \/>\n<meta property=\"og:url\" content=\"https:\/\/akademiaprymusow.pl\/index.php\/product\/geometria-pitagorasa-szkola-podstawowa\/\" \/>\n<meta property=\"og:site_name\" content=\"Akademia Prymus\u00f3w\" \/>\n<meta property=\"article:modified_time\" content=\"2023-01-17T16:24:38+00:00\" \/>\n<meta property=\"og:image\" content=\"https:\/\/akademiaprymusow.pl\/wp-content\/uploads\/2022\/09\/okladka-duza-scaled.jpg\" \/>\n\t<meta property=\"og:image:width\" content=\"2560\" \/>\n\t<meta property=\"og:image:height\" content=\"1767\" \/>\n\t<meta property=\"og:image:type\" content=\"image\/jpeg\" \/>\n<meta name=\"twitter:card\" content=\"summary_large_image\" \/>\n<script type=\"application\/ld+json\" class=\"yoast-schema-graph\">{\"@context\":\"https:\\\/\\\/schema.org\",\"@graph\":[{\"@type\":\"WebPage\",\"@id\":\"https:\\\/\\\/akademiaprymusow.pl\\\/index.php\\\/product\\\/geometria-pitagorasa-szkola-podstawowa\\\/\",\"url\":\"https:\\\/\\\/akademiaprymusow.pl\\\/index.php\\\/product\\\/geometria-pitagorasa-szkola-podstawowa\\\/\",\"name\":\"Geometria pitagorasa - szko\u0142a podstawowa - Akademia Prymus\u00f3w\",\"isPartOf\":{\"@id\":\"https:\\\/\\\/akademiaprymusow.pl\\\/#website\"},\"primaryImageOfPage\":{\"@id\":\"https:\\\/\\\/akademiaprymusow.pl\\\/index.php\\\/product\\\/geometria-pitagorasa-szkola-podstawowa\\\/#primaryimage\"},\"image\":{\"@id\":\"https:\\\/\\\/akademiaprymusow.pl\\\/index.php\\\/product\\\/geometria-pitagorasa-szkola-podstawowa\\\/#primaryimage\"},\"thumbnailUrl\":\"https:\\\/\\\/akademiaprymusow.pl\\\/wp-content\\\/uploads\\\/2022\\\/09\\\/okladka-duza-scaled.jpg\",\"datePublished\":\"2022-09-24T18:32:47+00:00\",\"dateModified\":\"2023-01-17T16:24:38+00:00\",\"breadcrumb\":{\"@id\":\"https:\\\/\\\/akademiaprymusow.pl\\\/index.php\\\/product\\\/geometria-pitagorasa-szkola-podstawowa\\\/#breadcrumb\"},\"inLanguage\":\"pl-PL\",\"potentialAction\":[{\"@type\":\"ReadAction\",\"target\":[\"https:\\\/\\\/akademiaprymusow.pl\\\/index.php\\\/product\\\/geometria-pitagorasa-szkola-podstawowa\\\/\"]}]},{\"@type\":\"ImageObject\",\"inLanguage\":\"pl-PL\",\"@id\":\"https:\\\/\\\/akademiaprymusow.pl\\\/index.php\\\/product\\\/geometria-pitagorasa-szkola-podstawowa\\\/#primaryimage\",\"url\":\"https:\\\/\\\/akademiaprymusow.pl\\\/wp-content\\\/uploads\\\/2022\\\/09\\\/okladka-duza-scaled.jpg\",\"contentUrl\":\"https:\\\/\\\/akademiaprymusow.pl\\\/wp-content\\\/uploads\\\/2022\\\/09\\\/okladka-duza-scaled.jpg\",\"width\":2560,\"height\":1767},{\"@type\":\"BreadcrumbList\",\"@id\":\"https:\\\/\\\/akademiaprymusow.pl\\\/index.php\\\/product\\\/geometria-pitagorasa-szkola-podstawowa\\\/#breadcrumb\",\"itemListElement\":[{\"@type\":\"ListItem\",\"position\":1,\"name\":\"Strona g\u0142\u00f3wna\",\"item\":\"https:\\\/\\\/akademiaprymusow.pl\\\/\"},{\"@type\":\"ListItem\",\"position\":2,\"name\":\"Shop\",\"item\":\"https:\\\/\\\/akademiaprymusow.pl\\\/index.php\\\/shop\\\/\"},{\"@type\":\"ListItem\",\"position\":3,\"name\":\"Geometria pitagorasa &#8211; szko\u0142a podstawowa\"}]},{\"@type\":\"WebSite\",\"@id\":\"https:\\\/\\\/akademiaprymusow.pl\\\/#website\",\"url\":\"https:\\\/\\\/akademiaprymusow.pl\\\/\",\"name\":\"Akademia Prymus\u00f3w\",\"description\":\"Nadr\u00f3bmy razem zaleg\u0142o\u015bci!\",\"potentialAction\":[{\"@type\":\"SearchAction\",\"target\":{\"@type\":\"EntryPoint\",\"urlTemplate\":\"https:\\\/\\\/akademiaprymusow.pl\\\/?s={search_term_string}\"},\"query-input\":{\"@type\":\"PropertyValueSpecification\",\"valueRequired\":true,\"valueName\":\"search_term_string\"}}],\"inLanguage\":\"pl-PL\"}]}<\/script>\n<!-- \/ Yoast SEO plugin. -->","yoast_head_json":{"title":"Geometria pitagorasa - szko\u0142a podstawowa - Akademia Prymus\u00f3w","robots":{"index":"index","follow":"follow","max-snippet":"max-snippet:-1","max-image-preview":"max-image-preview:large","max-video-preview":"max-video-preview:-1"},"canonical":"https:\/\/akademiaprymusow.pl\/index.php\/product\/geometria-pitagorasa-szkola-podstawowa\/","og_locale":"pl_PL","og_type":"article","og_title":"Geometria pitagorasa - szko\u0142a podstawowa - Akademia Prymus\u00f3w","og_url":"https:\/\/akademiaprymusow.pl\/index.php\/product\/geometria-pitagorasa-szkola-podstawowa\/","og_site_name":"Akademia Prymus\u00f3w","article_modified_time":"2023-01-17T16:24:38+00:00","og_image":[{"width":2560,"height":1767,"url":"https:\/\/akademiaprymusow.pl\/wp-content\/uploads\/2022\/09\/okladka-duza-scaled.jpg","type":"image\/jpeg"}],"twitter_card":"summary_large_image","schema":{"@context":"https:\/\/schema.org","@graph":[{"@type":"WebPage","@id":"https:\/\/akademiaprymusow.pl\/index.php\/product\/geometria-pitagorasa-szkola-podstawowa\/","url":"https:\/\/akademiaprymusow.pl\/index.php\/product\/geometria-pitagorasa-szkola-podstawowa\/","name":"Geometria pitagorasa - szko\u0142a podstawowa - Akademia Prymus\u00f3w","isPartOf":{"@id":"https:\/\/akademiaprymusow.pl\/#website"},"primaryImageOfPage":{"@id":"https:\/\/akademiaprymusow.pl\/index.php\/product\/geometria-pitagorasa-szkola-podstawowa\/#primaryimage"},"image":{"@id":"https:\/\/akademiaprymusow.pl\/index.php\/product\/geometria-pitagorasa-szkola-podstawowa\/#primaryimage"},"thumbnailUrl":"https:\/\/akademiaprymusow.pl\/wp-content\/uploads\/2022\/09\/okladka-duza-scaled.jpg","datePublished":"2022-09-24T18:32:47+00:00","dateModified":"2023-01-17T16:24:38+00:00","breadcrumb":{"@id":"https:\/\/akademiaprymusow.pl\/index.php\/product\/geometria-pitagorasa-szkola-podstawowa\/#breadcrumb"},"inLanguage":"pl-PL","potentialAction":[{"@type":"ReadAction","target":["https:\/\/akademiaprymusow.pl\/index.php\/product\/geometria-pitagorasa-szkola-podstawowa\/"]}]},{"@type":"ImageObject","inLanguage":"pl-PL","@id":"https:\/\/akademiaprymusow.pl\/index.php\/product\/geometria-pitagorasa-szkola-podstawowa\/#primaryimage","url":"https:\/\/akademiaprymusow.pl\/wp-content\/uploads\/2022\/09\/okladka-duza-scaled.jpg","contentUrl":"https:\/\/akademiaprymusow.pl\/wp-content\/uploads\/2022\/09\/okladka-duza-scaled.jpg","width":2560,"height":1767},{"@type":"BreadcrumbList","@id":"https:\/\/akademiaprymusow.pl\/index.php\/product\/geometria-pitagorasa-szkola-podstawowa\/#breadcrumb","itemListElement":[{"@type":"ListItem","position":1,"name":"Strona g\u0142\u00f3wna","item":"https:\/\/akademiaprymusow.pl\/"},{"@type":"ListItem","position":2,"name":"Shop","item":"https:\/\/akademiaprymusow.pl\/index.php\/shop\/"},{"@type":"ListItem","position":3,"name":"Geometria pitagorasa &#8211; szko\u0142a podstawowa"}]},{"@type":"WebSite","@id":"https:\/\/akademiaprymusow.pl\/#website","url":"https:\/\/akademiaprymusow.pl\/","name":"Akademia Prymus\u00f3w","description":"Nadr\u00f3bmy razem zaleg\u0142o\u015bci!","potentialAction":[{"@type":"SearchAction","target":{"@type":"EntryPoint","urlTemplate":"https:\/\/akademiaprymusow.pl\/?s={search_term_string}"},"query-input":{"@type":"PropertyValueSpecification","valueRequired":true,"valueName":"search_term_string"}}],"inLanguage":"pl-PL"}]}},"_links":{"self":[{"href":"https:\/\/akademiaprymusow.pl\/index.php\/wp-json\/wp\/v2\/product\/207","targetHints":{"allow":["GET"]}}],"collection":[{"href":"https:\/\/akademiaprymusow.pl\/index.php\/wp-json\/wp\/v2\/product"}],"about":[{"href":"https:\/\/akademiaprymusow.pl\/index.php\/wp-json\/wp\/v2\/types\/product"}],"wp:featuredmedia":[{"embeddable":true,"href":"https:\/\/akademiaprymusow.pl\/index.php\/wp-json\/wp\/v2\/media\/119"}],"wp:attachment":[{"href":"https:\/\/akademiaprymusow.pl\/index.php\/wp-json\/wp\/v2\/media?parent=207"}],"wp:term":[{"taxonomy":"product_brand","embeddable":true,"href":"https:\/\/akademiaprymusow.pl\/index.php\/wp-json\/wp\/v2\/product_brand?post=207"},{"taxonomy":"product_cat","embeddable":true,"href":"https:\/\/akademiaprymusow.pl\/index.php\/wp-json\/wp\/v2\/product_cat?post=207"},{"taxonomy":"product_tag","embeddable":true,"href":"https:\/\/akademiaprymusow.pl\/index.php\/wp-json\/wp\/v2\/product_tag?post=207"}],"curies":[{"name":"wp","href":"https:\/\/api.w.org\/{rel}","templated":true}]}}