{"id":461,"date":"2022-10-16T17:46:03","date_gmt":"2022-10-16T18:46:03","guid":{"rendered":"https:\/\/akademiaprymusow.pl\/?post_type=product&#038;p=461"},"modified":"2022-10-19T14:33:06","modified_gmt":"2022-10-19T15:33:06","slug":"korepetycje","status":"publish","type":"product","link":"https:\/\/akademiaprymusow.pl\/index.php\/product\/korepetycje\/","title":{"rendered":"Godzinne korepetycje"},"content":{"rendered":"","protected":false},"excerpt":{"rendered":"","protected":false},"featured_media":0,"template":"","meta":{"_bbp_topic_count":0,"_bbp_reply_count":0,"_bbp_total_topic_count":0,"_bbp_total_reply_count":0,"_bbp_voice_count":0,"_bbp_anonymous_reply_count":0,"_bbp_topic_count_hidden":0,"_bbp_reply_count_hidden":0,"_bbp_forum_subforum_count":0,"pmpro_default_level":"","_monsterinsights_skip_tracking":false,"_monsterinsights_sitenote_active":false,"_monsterinsights_sitenote_note":"","_monsterinsights_sitenote_category":0},"product_brand":[],"product_cat":[15],"product_tag":[],"class_list":{"0":"post-461","1":"product","2":"type-product","3":"status-publish","5":"product_cat-uncategorized","6":"pmpro-has-access","7":"user-has-not-earned","9":"first","10":"instock","11":"virtual","12":"purchasable","13":"product-type-simple"},"yoast_head":"<!-- This site is optimized with the Yoast SEO plugin v27.3 - https:\/\/yoast.com\/product\/yoast-seo-wordpress\/ -->\n<title>Godzinne korepetycje - Akademia Prymus\u00f3w<\/title>\n<meta name=\"robots\" content=\"index, follow, max-snippet:-1, max-image-preview:large, max-video-preview:-1\" \/>\n<link rel=\"canonical\" href=\"https:\/\/akademiaprymusow.pl\/index.php\/product\/korepetycje\/\" \/>\n<meta property=\"og:locale\" content=\"pl_PL\" \/>\n<meta property=\"og:type\" content=\"article\" \/>\n<meta property=\"og:title\" content=\"Godzinne korepetycje - Akademia Prymus\u00f3w\" \/>\n<meta property=\"og:url\" content=\"https:\/\/akademiaprymusow.pl\/index.php\/product\/korepetycje\/\" \/>\n<meta property=\"og:site_name\" content=\"Akademia Prymus\u00f3w\" \/>\n<meta property=\"article:modified_time\" content=\"2022-10-19T15:33:06+00:00\" \/>\n<meta name=\"twitter:card\" content=\"summary_large_image\" \/>\n<script type=\"application\/ld+json\" class=\"yoast-schema-graph\">{\"@context\":\"https:\\\/\\\/schema.org\",\"@graph\":[{\"@type\":\"WebPage\",\"@id\":\"https:\\\/\\\/akademiaprymusow.pl\\\/index.php\\\/product\\\/korepetycje\\\/\",\"url\":\"https:\\\/\\\/akademiaprymusow.pl\\\/index.php\\\/product\\\/korepetycje\\\/\",\"name\":\"Godzinne korepetycje - Akademia Prymus\u00f3w\",\"isPartOf\":{\"@id\":\"https:\\\/\\\/akademiaprymusow.pl\\\/#website\"},\"datePublished\":\"2022-10-16T18:46:03+00:00\",\"dateModified\":\"2022-10-19T15:33:06+00:00\",\"breadcrumb\":{\"@id\":\"https:\\\/\\\/akademiaprymusow.pl\\\/index.php\\\/product\\\/korepetycje\\\/#breadcrumb\"},\"inLanguage\":\"pl-PL\",\"potentialAction\":[{\"@type\":\"ReadAction\",\"target\":[\"https:\\\/\\\/akademiaprymusow.pl\\\/index.php\\\/product\\\/korepetycje\\\/\"]}]},{\"@type\":\"BreadcrumbList\",\"@id\":\"https:\\\/\\\/akademiaprymusow.pl\\\/index.php\\\/product\\\/korepetycje\\\/#breadcrumb\",\"itemListElement\":[{\"@type\":\"ListItem\",\"position\":1,\"name\":\"Strona g\u0142\u00f3wna\",\"item\":\"https:\\\/\\\/akademiaprymusow.pl\\\/\"},{\"@type\":\"ListItem\",\"position\":2,\"name\":\"Shop\",\"item\":\"https:\\\/\\\/akademiaprymusow.pl\\\/index.php\\\/shop\\\/\"},{\"@type\":\"ListItem\",\"position\":3,\"name\":\"Godzinne korepetycje\"}]},{\"@type\":\"WebSite\",\"@id\":\"https:\\\/\\\/akademiaprymusow.pl\\\/#website\",\"url\":\"https:\\\/\\\/akademiaprymusow.pl\\\/\",\"name\":\"Akademia Prymus\u00f3w\",\"description\":\"Nadr\u00f3bmy razem zaleg\u0142o\u015bci!\",\"potentialAction\":[{\"@type\":\"SearchAction\",\"target\":{\"@type\":\"EntryPoint\",\"urlTemplate\":\"https:\\\/\\\/akademiaprymusow.pl\\\/?s={search_term_string}\"},\"query-input\":{\"@type\":\"PropertyValueSpecification\",\"valueRequired\":true,\"valueName\":\"search_term_string\"}}],\"inLanguage\":\"pl-PL\"}]}<\/script>\n<!-- \/ Yoast SEO plugin. -->","yoast_head_json":{"title":"Godzinne korepetycje - Akademia Prymus\u00f3w","robots":{"index":"index","follow":"follow","max-snippet":"max-snippet:-1","max-image-preview":"max-image-preview:large","max-video-preview":"max-video-preview:-1"},"canonical":"https:\/\/akademiaprymusow.pl\/index.php\/product\/korepetycje\/","og_locale":"pl_PL","og_type":"article","og_title":"Godzinne korepetycje - Akademia Prymus\u00f3w","og_url":"https:\/\/akademiaprymusow.pl\/index.php\/product\/korepetycje\/","og_site_name":"Akademia Prymus\u00f3w","article_modified_time":"2022-10-19T15:33:06+00:00","twitter_card":"summary_large_image","schema":{"@context":"https:\/\/schema.org","@graph":[{"@type":"WebPage","@id":"https:\/\/akademiaprymusow.pl\/index.php\/product\/korepetycje\/","url":"https:\/\/akademiaprymusow.pl\/index.php\/product\/korepetycje\/","name":"Godzinne korepetycje - Akademia Prymus\u00f3w","isPartOf":{"@id":"https:\/\/akademiaprymusow.pl\/#website"},"datePublished":"2022-10-16T18:46:03+00:00","dateModified":"2022-10-19T15:33:06+00:00","breadcrumb":{"@id":"https:\/\/akademiaprymusow.pl\/index.php\/product\/korepetycje\/#breadcrumb"},"inLanguage":"pl-PL","potentialAction":[{"@type":"ReadAction","target":["https:\/\/akademiaprymusow.pl\/index.php\/product\/korepetycje\/"]}]},{"@type":"BreadcrumbList","@id":"https:\/\/akademiaprymusow.pl\/index.php\/product\/korepetycje\/#breadcrumb","itemListElement":[{"@type":"ListItem","position":1,"name":"Strona g\u0142\u00f3wna","item":"https:\/\/akademiaprymusow.pl\/"},{"@type":"ListItem","position":2,"name":"Shop","item":"https:\/\/akademiaprymusow.pl\/index.php\/shop\/"},{"@type":"ListItem","position":3,"name":"Godzinne korepetycje"}]},{"@type":"WebSite","@id":"https:\/\/akademiaprymusow.pl\/#website","url":"https:\/\/akademiaprymusow.pl\/","name":"Akademia Prymus\u00f3w","description":"Nadr\u00f3bmy razem zaleg\u0142o\u015bci!","potentialAction":[{"@type":"SearchAction","target":{"@type":"EntryPoint","urlTemplate":"https:\/\/akademiaprymusow.pl\/?s={search_term_string}"},"query-input":{"@type":"PropertyValueSpecification","valueRequired":true,"valueName":"search_term_string"}}],"inLanguage":"pl-PL"}]}},"_links":{"self":[{"href":"https:\/\/akademiaprymusow.pl\/index.php\/wp-json\/wp\/v2\/product\/461","targetHints":{"allow":["GET"]}}],"collection":[{"href":"https:\/\/akademiaprymusow.pl\/index.php\/wp-json\/wp\/v2\/product"}],"about":[{"href":"https:\/\/akademiaprymusow.pl\/index.php\/wp-json\/wp\/v2\/types\/product"}],"wp:attachment":[{"href":"https:\/\/akademiaprymusow.pl\/index.php\/wp-json\/wp\/v2\/media?parent=461"}],"wp:term":[{"taxonomy":"product_brand","embeddable":true,"href":"https:\/\/akademiaprymusow.pl\/index.php\/wp-json\/wp\/v2\/product_brand?post=461"},{"taxonomy":"product_cat","embeddable":true,"href":"https:\/\/akademiaprymusow.pl\/index.php\/wp-json\/wp\/v2\/product_cat?post=461"},{"taxonomy":"product_tag","embeddable":true,"href":"https:\/\/akademiaprymusow.pl\/index.php\/wp-json\/wp\/v2\/product_tag?post=461"}],"curies":[{"name":"wp","href":"https:\/\/api.w.org\/{rel}","templated":true}]}}