{"id":936,"date":"2023-09-12T14:44:47","date_gmt":"2023-09-12T15:44:47","guid":{"rendered":"https:\/\/akademiaprymusow.pl\/?post_type=product&#038;p=936"},"modified":"2023-11-30T15:42:25","modified_gmt":"2023-11-30T16:42:25","slug":"poradnik-pdf-planimetria-tajemnice-okregow","status":"publish","type":"product","link":"https:\/\/akademiaprymusow.pl\/index.php\/product\/poradnik-pdf-planimetria-tajemnice-okregow\/","title":{"rendered":"Poradnik PDF: Planimetria &#8211; Tajemnice Okr\u0119g\u00f3w"},"content":{"rendered":"","protected":false},"excerpt":{"rendered":"","protected":false},"featured_media":0,"template":"","meta":{"_bbp_topic_count":0,"_bbp_reply_count":0,"_bbp_total_topic_count":0,"_bbp_total_reply_count":0,"_bbp_voice_count":0,"_bbp_anonymous_reply_count":0,"_bbp_topic_count_hidden":0,"_bbp_reply_count_hidden":0,"_bbp_forum_subforum_count":0,"pmpro_default_level":"","_monsterinsights_skip_tracking":false,"_monsterinsights_sitenote_active":false,"_monsterinsights_sitenote_note":"","_monsterinsights_sitenote_category":0},"product_brand":[],"product_cat":[129,126,127,130,128],"product_tag":[],"class_list":{"0":"post-936","1":"product","2":"type-product","3":"status-publish","5":"product_cat-geometria","6":"product_cat-matematyka","7":"product_cat-planimetria","8":"product_cat-poradnik-pdf","9":"product_cat-szkola-srednia","10":"pmpro-has-access","11":"user-has-not-earned","13":"first","14":"instock","15":"downloadable","16":"virtual","17":"purchasable","18":"product-type-simple"},"yoast_head":"<!-- This site is optimized with the Yoast SEO plugin v27.3 - https:\/\/yoast.com\/product\/yoast-seo-wordpress\/ -->\n<title>Poradnik PDF: Planimetria - Tajemnice Okr\u0119g\u00f3w - Akademia Prymus\u00f3w<\/title>\n<meta name=\"robots\" content=\"index, follow, max-snippet:-1, max-image-preview:large, max-video-preview:-1\" \/>\n<link rel=\"canonical\" href=\"https:\/\/akademiaprymusow.pl\/index.php\/product\/poradnik-pdf-planimetria-tajemnice-okregow\/\" \/>\n<meta property=\"og:locale\" content=\"pl_PL\" \/>\n<meta property=\"og:type\" content=\"article\" \/>\n<meta property=\"og:title\" content=\"Poradnik PDF: Planimetria - Tajemnice Okr\u0119g\u00f3w - Akademia Prymus\u00f3w\" \/>\n<meta property=\"og:url\" content=\"https:\/\/akademiaprymusow.pl\/index.php\/product\/poradnik-pdf-planimetria-tajemnice-okregow\/\" \/>\n<meta property=\"og:site_name\" content=\"Akademia Prymus\u00f3w\" \/>\n<meta property=\"article:modified_time\" content=\"2023-11-30T16:42:25+00:00\" \/>\n<meta name=\"twitter:card\" content=\"summary_large_image\" \/>\n<script type=\"application\/ld+json\" class=\"yoast-schema-graph\">{\"@context\":\"https:\\\/\\\/schema.org\",\"@graph\":[{\"@type\":\"WebPage\",\"@id\":\"https:\\\/\\\/akademiaprymusow.pl\\\/index.php\\\/product\\\/poradnik-pdf-planimetria-tajemnice-okregow\\\/\",\"url\":\"https:\\\/\\\/akademiaprymusow.pl\\\/index.php\\\/product\\\/poradnik-pdf-planimetria-tajemnice-okregow\\\/\",\"name\":\"Poradnik PDF: Planimetria - Tajemnice Okr\u0119g\u00f3w - Akademia Prymus\u00f3w\",\"isPartOf\":{\"@id\":\"https:\\\/\\\/akademiaprymusow.pl\\\/#website\"},\"datePublished\":\"2023-09-12T15:44:47+00:00\",\"dateModified\":\"2023-11-30T16:42:25+00:00\",\"breadcrumb\":{\"@id\":\"https:\\\/\\\/akademiaprymusow.pl\\\/index.php\\\/product\\\/poradnik-pdf-planimetria-tajemnice-okregow\\\/#breadcrumb\"},\"inLanguage\":\"pl-PL\",\"potentialAction\":[{\"@type\":\"ReadAction\",\"target\":[\"https:\\\/\\\/akademiaprymusow.pl\\\/index.php\\\/product\\\/poradnik-pdf-planimetria-tajemnice-okregow\\\/\"]}]},{\"@type\":\"BreadcrumbList\",\"@id\":\"https:\\\/\\\/akademiaprymusow.pl\\\/index.php\\\/product\\\/poradnik-pdf-planimetria-tajemnice-okregow\\\/#breadcrumb\",\"itemListElement\":[{\"@type\":\"ListItem\",\"position\":1,\"name\":\"Strona g\u0142\u00f3wna\",\"item\":\"https:\\\/\\\/akademiaprymusow.pl\\\/\"},{\"@type\":\"ListItem\",\"position\":2,\"name\":\"Shop\",\"item\":\"https:\\\/\\\/akademiaprymusow.pl\\\/index.php\\\/shop\\\/\"},{\"@type\":\"ListItem\",\"position\":3,\"name\":\"Poradnik PDF: Planimetria &#8211; Tajemnice Okr\u0119g\u00f3w\"}]},{\"@type\":\"WebSite\",\"@id\":\"https:\\\/\\\/akademiaprymusow.pl\\\/#website\",\"url\":\"https:\\\/\\\/akademiaprymusow.pl\\\/\",\"name\":\"Akademia Prymus\u00f3w\",\"description\":\"Nadr\u00f3bmy razem zaleg\u0142o\u015bci!\",\"potentialAction\":[{\"@type\":\"SearchAction\",\"target\":{\"@type\":\"EntryPoint\",\"urlTemplate\":\"https:\\\/\\\/akademiaprymusow.pl\\\/?s={search_term_string}\"},\"query-input\":{\"@type\":\"PropertyValueSpecification\",\"valueRequired\":true,\"valueName\":\"search_term_string\"}}],\"inLanguage\":\"pl-PL\"}]}<\/script>\n<!-- \/ Yoast SEO plugin. -->","yoast_head_json":{"title":"Poradnik PDF: Planimetria - Tajemnice Okr\u0119g\u00f3w - Akademia Prymus\u00f3w","robots":{"index":"index","follow":"follow","max-snippet":"max-snippet:-1","max-image-preview":"max-image-preview:large","max-video-preview":"max-video-preview:-1"},"canonical":"https:\/\/akademiaprymusow.pl\/index.php\/product\/poradnik-pdf-planimetria-tajemnice-okregow\/","og_locale":"pl_PL","og_type":"article","og_title":"Poradnik PDF: Planimetria - Tajemnice Okr\u0119g\u00f3w - Akademia Prymus\u00f3w","og_url":"https:\/\/akademiaprymusow.pl\/index.php\/product\/poradnik-pdf-planimetria-tajemnice-okregow\/","og_site_name":"Akademia Prymus\u00f3w","article_modified_time":"2023-11-30T16:42:25+00:00","twitter_card":"summary_large_image","schema":{"@context":"https:\/\/schema.org","@graph":[{"@type":"WebPage","@id":"https:\/\/akademiaprymusow.pl\/index.php\/product\/poradnik-pdf-planimetria-tajemnice-okregow\/","url":"https:\/\/akademiaprymusow.pl\/index.php\/product\/poradnik-pdf-planimetria-tajemnice-okregow\/","name":"Poradnik PDF: Planimetria - Tajemnice Okr\u0119g\u00f3w - Akademia Prymus\u00f3w","isPartOf":{"@id":"https:\/\/akademiaprymusow.pl\/#website"},"datePublished":"2023-09-12T15:44:47+00:00","dateModified":"2023-11-30T16:42:25+00:00","breadcrumb":{"@id":"https:\/\/akademiaprymusow.pl\/index.php\/product\/poradnik-pdf-planimetria-tajemnice-okregow\/#breadcrumb"},"inLanguage":"pl-PL","potentialAction":[{"@type":"ReadAction","target":["https:\/\/akademiaprymusow.pl\/index.php\/product\/poradnik-pdf-planimetria-tajemnice-okregow\/"]}]},{"@type":"BreadcrumbList","@id":"https:\/\/akademiaprymusow.pl\/index.php\/product\/poradnik-pdf-planimetria-tajemnice-okregow\/#breadcrumb","itemListElement":[{"@type":"ListItem","position":1,"name":"Strona g\u0142\u00f3wna","item":"https:\/\/akademiaprymusow.pl\/"},{"@type":"ListItem","position":2,"name":"Shop","item":"https:\/\/akademiaprymusow.pl\/index.php\/shop\/"},{"@type":"ListItem","position":3,"name":"Poradnik PDF: Planimetria &#8211; Tajemnice Okr\u0119g\u00f3w"}]},{"@type":"WebSite","@id":"https:\/\/akademiaprymusow.pl\/#website","url":"https:\/\/akademiaprymusow.pl\/","name":"Akademia Prymus\u00f3w","description":"Nadr\u00f3bmy razem zaleg\u0142o\u015bci!","potentialAction":[{"@type":"SearchAction","target":{"@type":"EntryPoint","urlTemplate":"https:\/\/akademiaprymusow.pl\/?s={search_term_string}"},"query-input":{"@type":"PropertyValueSpecification","valueRequired":true,"valueName":"search_term_string"}}],"inLanguage":"pl-PL"}]}},"_links":{"self":[{"href":"https:\/\/akademiaprymusow.pl\/index.php\/wp-json\/wp\/v2\/product\/936","targetHints":{"allow":["GET"]}}],"collection":[{"href":"https:\/\/akademiaprymusow.pl\/index.php\/wp-json\/wp\/v2\/product"}],"about":[{"href":"https:\/\/akademiaprymusow.pl\/index.php\/wp-json\/wp\/v2\/types\/product"}],"wp:attachment":[{"href":"https:\/\/akademiaprymusow.pl\/index.php\/wp-json\/wp\/v2\/media?parent=936"}],"wp:term":[{"taxonomy":"product_brand","embeddable":true,"href":"https:\/\/akademiaprymusow.pl\/index.php\/wp-json\/wp\/v2\/product_brand?post=936"},{"taxonomy":"product_cat","embeddable":true,"href":"https:\/\/akademiaprymusow.pl\/index.php\/wp-json\/wp\/v2\/product_cat?post=936"},{"taxonomy":"product_tag","embeddable":true,"href":"https:\/\/akademiaprymusow.pl\/index.php\/wp-json\/wp\/v2\/product_tag?post=936"}],"curies":[{"name":"wp","href":"https:\/\/api.w.org\/{rel}","templated":true}]}}